{"id":3483,"date":"2025-04-21T21:13:48","date_gmt":"2025-04-21T18:13:48","guid":{"rendered":"https:\/\/jadwainvest.com\/?page_id=3483"},"modified":"2025-09-13T15:24:00","modified_gmt":"2025-09-13T12:24:00","slug":"prensiplerimiz","status":"publish","type":"page","link":"https:\/\/jadwainvest.com\/tr\/hakkimizda\/prensiplerimiz\/","title":{"rendered":"Prensiplerimiz"},"content":{"rendered":"<div class=\"fusion-fullwidth fullwidth-box fusion-builder-row-1 fusion-flex-container has-pattern-background has-mask-background nonhundred-percent-fullwidth non-hundred-percent-height-scrolling\" style=\"--awb-border-radius-top-left:0px;--awb-border-radius-top-right:0px;--awb-border-radius-bottom-right:0px;--awb-border-radius-bottom-left:0px;--awb-padding-top:29px;--awb-padding-bottom:50px;--awb-flex-wrap:wrap;\" ><div class=\"awb-background-mask\" style=\"background-image:  url(data:image\/svg+xml;utf8,%3Csvg%20width%3D%221920%22%20height%3D%22954%22%20fill%3D%22none%22%20xmlns%3D%22http%3A%2F%2Fwww.w3.org%2F2000%2Fsvg%22%3E%3Cpath%20fill-rule%3D%22evenodd%22%20clip-rule%3D%22evenodd%22%20d%3D%22M0%20708.798V954h1326.42l-3.72-13.882a95.994%2095.994%200%200124.84-92.729l147.89-147.89c24.26-24.252%2059.6-33.724%2092.73-24.847l202.02%2054.132a96.012%2096.012%200%200167.89%2067.882L1900.22%20954H1920V0H767.891a199.9%20199.9%200%20012.183%20111.078L669.378%20486.881c-18.493%2069.019-72.403%20122.928-141.421%20141.422L152.154%20728.999C100.099%20742.947%2045.414%20735.151%200%20708.798zM1595.66%20258.87a23.996%2023.996%200%2001-23.18-6.211l-36.98-36.973a24.004%2024.004%200%2001-6.21-23.182l13.53-50.506a24%2024%200%200116.98-16.97l50.5-13.533c8.28-2.22%2017.12.148%2023.18%206.211l36.98%2036.973a24.004%2024.004%200%20016.21%2023.182l-13.54%2050.506a23.97%2023.97%200%2001-16.97%2016.97l-50.5%2013.533z%22%20fill%3D%22rgba%28244%2C244%2C244%2C1%29%22%2F%3E%3C%2Fsvg%3E);opacity: 1 ;transform: scale(1, 1);mix-blend-mode:normal;\"><\/div><div class=\"fusion-builder-row fusion-row fusion-flex-align-items-flex-start fusion-flex-content-wrap\" style=\"max-width:1248px;margin-left: calc(-4% \/ 2 );margin-right: calc(-4% \/ 2 );\"><div class=\"fusion-layout-column fusion_builder_column fusion-builder-column-0 fusion_builder_column_1_1 1_1 fusion-flex-column\" style=\"--awb-bg-size:cover;--awb-width-large:100%;--awb-spacing-right-large:1.92%;--awb-margin-bottom-large:0px;--awb-spacing-left-large:1.92%;--awb-width-medium:100%;--awb-order-medium:0;--awb-spacing-right-medium:1.92%;--awb-spacing-left-medium:1.92%;--awb-width-small:100%;--awb-order-small:0;--awb-spacing-right-small:1.92%;--awb-spacing-left-small:1.92%;\"><div class=\"fusion-column-wrapper fusion-column-has-shadow fusion-flex-justify-content-flex-start fusion-content-layout-column\"><div class=\"fusion-text fusion-text-1 fusion-text-no-margin\" style=\"--awb-content-alignment:justify;--awb-margin-bottom:50px;\"><p>\u015eirketimiz, toplumsal sorumluluk ve s\u00fcrd\u00fcr\u00fclebilir kalk\u0131nmaya olan derin ba\u011fl\u0131l\u0131\u011f\u0131m\u0131z\u0131 yans\u0131tan bir dizi temel ilkeye dayanmaktad\u0131r. Ger\u00e7ek ba\u015far\u0131n\u0131n yaln\u0131zca yat\u0131r\u0131mc\u0131lar\u0131m\u0131za finansal getiriler sa\u011flamakla de\u011fil, ayn\u0131 zamanda faaliyet g\u00f6sterdi\u011fimiz topluluklar\u0131n ilerlemesine aktif bir \u015fekilde katk\u0131da bulunmakla elde edilece\u011fine inan\u0131yoruz. \u015eeffafl\u0131k, i\u015fbirli\u011fi ve s\u00fcrekli insan kayna\u011f\u0131 geli\u015fimine odaklanarak, finansal hedeflerin \u00f6tesinde, t\u00fcm payda\u015flar i\u00e7in s\u00fcrd\u00fcr\u00fclebilir f\u0131rsatlar yaratacak ortak bir de\u011fer olu\u015fturmay\u0131 ama\u00e7l\u0131yoruz.<\/p>\n<\/div><ul style=\"--awb-divider-color:var(--awb-color4);--awb-line-height:27.2px;--awb-icon-width:27.2px;--awb-icon-height:27.2px;--awb-icon-margin:11.2px;--awb-content-margin:38.4px;--awb-circlecolor:var(--awb-color4);--awb-circle-yes-font-size:14.08px;\" class=\"fusion-checklist fusion-checklist-1 fusion-checklist-default fusion-no-medium-visibility fusion-no-large-visibility fusion-checklist-divider type-numbered\"><li class=\"fusion-li-item\" style=\"\"><span class=\"icon-wrapper circle-yes\">1<\/span><div class=\"fusion-li-item-content\"><strong>S\u00fcrd\u00fcr\u00fclebilirlik ve Topluluk Ortakl\u0131klar\u0131na Ba\u011fl\u0131l\u0131k<\/strong><\/p>\n<p>Yat\u0131r\u0131mc\u0131lar\u0131m\u0131za ve faaliyet g\u00f6sterdi\u011fimiz topluluklara uzun vadeli de\u011fer yaratmaya kararl\u0131y\u0131z. Yat\u0131r\u0131m stratejilerimiz, finansal getiri ile sosyal etkiyi dengeleyerek s\u00fcrd\u00fcr\u00fclebilir b\u00fcy\u00fcme sa\u011flamay\u0131 ama\u00e7lamaktad\u0131r. Topluluk giri\u015fimleri arac\u0131l\u0131\u011f\u0131yla, istihdam yaratma, beceri geli\u015ftirme ve hizmet verdi\u011fimiz topluluklar\u0131n ilerlemesine katk\u0131 sa\u011fl\u0131yoruz.<\/div><\/li><li class=\"fusion-li-item\" style=\"\"><span class=\"icon-wrapper circle-yes\">2<\/span><div class=\"fusion-li-item-content\">\n<p><strong>\u0130nsan Kayna\u011f\u0131 Geli\u015fimine Odaklanma<\/strong><\/p>\n<p>\u0130nsan kaynaklar\u0131na yat\u0131r\u0131m yapman\u0131n ve ekibimizin yeteneklerini geli\u015ftirmenin \u00f6nemine inan\u0131yoruz. S\u00fcrekli e\u011fitim programlar\u0131 ile \u00e7al\u0131\u015fanlar\u0131m\u0131z\u0131 g\u00fc\u00e7lendiriyor ve profesyonel olarak ilerlemeleri i\u00e7in onlar\u0131 motive ediyor, adil ve \u00e7e\u015fitli bir ortamda b\u00fcy\u00fcme i\u00e7in e\u015fit f\u0131rsatlar sunuyoruz.<\/p>\n<\/div><\/li><li class=\"fusion-li-item\" style=\"\"><span class=\"icon-wrapper circle-yes\">3<\/span><div class=\"fusion-li-item-content\">\n<p><strong>\u015eeffafl\u0131k ve D\u00fcr\u00fcstl\u00fck<\/strong><\/p>\n<p>M\u00fc\u015fterilerimizle ve topluluklarla olan t\u00fcm ili\u015fkilerimizde \u015feffafl\u0131k ve d\u00fcr\u00fcstl\u00fc\u011f\u00fc \u00f6n planda tutuyoruz. Kar\u015f\u0131l\u0131kl\u0131 g\u00fcvene dayal\u0131 ili\u015fkiler kuruyor ve m\u00fc\u015fterilerimizin \u00e7\u0131karlar\u0131na hizmet eden d\u00fcr\u00fcst, tarafs\u0131z tavsiyeler sunmaya kararl\u0131y\u0131z, b\u00f6ylece onlar\u0131n hem finansal hem de toplumsal hedeflerini uzun vadede ba\u015farmalar\u0131na yard\u0131mc\u0131 oluyoruz.<\/p>\n<\/div><\/li><li class=\"fusion-li-item\" style=\"\"><span class=\"icon-wrapper circle-yes\">4<\/span><div class=\"fusion-li-item-content\"><strong>Yenilik\u00e7ilik ve S\u00fcrd\u00fcr\u00fclebilir B\u00fcy\u00fcme<\/strong><\/p>\n<p>M\u00fc\u015fterilerimizin ihtiya\u00e7lar\u0131n\u0131 kar\u015f\u0131layan yenilik\u00e7i finansal \u00e7\u00f6z\u00fcmler sunma ve yerel ve k\u00fcresel ekonomik b\u00fcy\u00fcmeye katk\u0131 sa\u011flama taahh\u00fcd\u00fcm\u00fcz var. Yeni ve yenilik\u00e7i sekt\u00f6rlere yat\u0131r\u0131m yaparak s\u00fcrd\u00fcr\u00fclebilir b\u00fcy\u00fcmeyi te\u015fvik ediyor ve ekonomik kalk\u0131nma hedeflerinin ger\u00e7ekle\u015ftirilmesine katk\u0131 sa\u011fl\u0131yoruz.<\/div><\/li><li class=\"fusion-li-item\" style=\"\"><span class=\"icon-wrapper circle-yes\">5<\/span><div class=\"fusion-li-item-content\"><strong>Ortak Hedeflere Ula\u015fmak \u0130\u00e7in \u0130\u015fbirli\u011fi<\/strong><\/p>\n<p>\u0130\u015fbirli\u011fi ve tak\u0131m \u00e7al\u0131\u015fmas\u0131n\u0131 s\u00fcrd\u00fcr\u00fclebilir ba\u015far\u0131m\u0131z\u0131n temeli olarak g\u00f6r\u00fcyoruz. Yat\u0131r\u0131mc\u0131lar\u0131m\u0131z i\u00e7in en iyi sonu\u00e7lar\u0131 elde etmek ad\u0131na t\u00fcm payda\u015flar\u0131m\u0131zla yak\u0131n i\u015fbirli\u011fi i\u00e7inde \u00e7al\u0131\u015f\u0131yor, ayn\u0131 zamanda hizmet verdi\u011fimiz topluluklarla g\u00fc\u00e7l\u00fc ili\u015fkiler kurarak ekonomik f\u0131rsatlar ve toplumsal ilerleme sa\u011fl\u0131yoruz.<\/div><\/li><li class=\"fusion-li-item\" style=\"\"><span class=\"icon-wrapper circle-yes\">6<\/span><div class=\"fusion-li-item-content\"><strong>Gelece\u011fe Kar\u015f\u0131 Sorumluluk<\/strong><\/p>\n<p>Uzun vadeli d\u00fc\u015f\u00fcnen bir \u015firket olarak, daha iyi bir yar\u0131n\u0131n in\u015fas\u0131na odaklan\u0131yoruz. T\u00fcm payda\u015flar\u0131m\u0131z\u0131n\u2014m\u00fc\u015fterilerimizin, \u00e7al\u0131\u015fanlar\u0131m\u0131z\u0131n, hissedarlar\u0131m\u0131z\u0131n ve faaliyet g\u00f6sterdi\u011fimiz topluluklar\u0131n\u2014ba\u015far\u0131s\u0131na yat\u0131r\u0131m yap\u0131yoruz ve gelecekteki ba\u015far\u0131y\u0131 g\u00fcvence alt\u0131na alacak s\u00fcrd\u00fcr\u00fclebilir uygulamalara odaklan\u0131yoruz.<\/div><\/li><li class=\"fusion-li-item\" style=\"\"><span class=\"icon-wrapper circle-yes\">7<\/span><div class=\"fusion-li-item-content\"><strong>Payla\u015f\u0131lan Ba\u015far\u0131<\/strong><\/p>\n<p>Ba\u015far\u0131m\u0131z\u0131n, m\u00fc\u015fterilerimizin ve hizmet verdi\u011fimiz topluluklar\u0131n ba\u015far\u0131s\u0131na ba\u011fl\u0131 oldu\u011funa inan\u0131yoruz. Yat\u0131r\u0131mc\u0131lar\u0131n hedeflerini, ihtiya\u00e7lar\u0131n\u0131 kar\u015f\u0131layan ve optimum getiri sa\u011flayan yenilik\u00e7i finansal \u00e7\u00f6z\u00fcmler sunarak ve toplumsal geli\u015fimi ve s\u00fcrd\u00fcr\u00fclebilir i\u015f imk\u00e2nlar\u0131 yaratmay\u0131 te\u015fvik ederek ger\u00e7ekle\u015ftirmeyi hedefliyoruz.<\/div><\/li><\/ul><div class=\"awb-circles-info fusion-no-small-visibility icons-on-outer-circle\" style=\"--awb-icon-circle-color:var(--awb-color4);--awb-icon-circle-size:7px;--awb-content-circle-size:5px;--awb-icon-size:41px;--awb-icon-color:var(--awb-color5);--awb-icon-bg-color:var(--awb-color1);--awb-icon-active-color:var(--awb-color4);--awb-icon-bg-active-color:var(--awb-color1);--awb-title-color:var(--awb-color5);--awb-content-font-size:14px;--awb-content-color:var(--awb-color7);--awb-gradient-start-position:0%;--awb-gradient-end-position:100%;--awb-linear-angle:180deg;--awb-radial-direction:circle at center center;--awb-icon-circle-border-style:dotted;\" data-auto-rotation=\"yes\" data-auto-rotation-time=\"2500\" data-pause-on-hover=\"yes\" data-activation-type=\"click\"><div class=\"awb-circles-info-wrapper\"><div class=\"awb-circles-info-icons-wrapper\"><div class=\"awb-circles-info-tab-link\" data-id=\"1\"><span><i class=\"fa-share-alt fas\"><\/i><\/span><\/div><div class=\"awb-circles-info-tab-link\" data-id=\"2\"><span><i class=\"fa-angle-double-up fas\"><\/i><\/span><\/div><div class=\"awb-circles-info-tab-link\" data-id=\"3\"><span><i class=\"fa-award fas\"><\/i><\/span><\/div><div class=\"awb-circles-info-tab-link\" data-id=\"4\"><span><i class=\"fa-seedling fas\"><\/i><\/span><\/div><div class=\"awb-circles-info-tab-link\" data-id=\"5\"><span><i class=\"fa-people-carry fas\"><\/i><\/span><\/div><div class=\"awb-circles-info-tab-link\" data-id=\"6\"><span><i class=\"fa-dice-d20 fas\"><\/i><\/span><\/div><div class=\"awb-circles-info-tab-link\" data-id=\"7\"><span><i class=\"fa-check-circle fas\"><\/i><\/span><\/div><\/div><div class=\"awb-circles-info-content-wrapper\"><div class=\"awb-circle-info awb-circles-info-content-area awb-circle-info-1\" data-id=\"1\" style=\"--awb-title-color:var(--awb-color4);--awb-title-hover-color:var(--awb-color5);\"><div class=\"awb-circles-info-title\">1. S\u00fcrd\u00fcr\u00fclebilirlik ve Topluluk Ortakl\u0131klar\u0131na Ba\u011fl\u0131l\u0131k<\/div><div class=\"awb-circles-info-text\">Yat\u0131r\u0131mc\u0131lar\u0131m\u0131za ve faaliyet g\u00f6sterdi\u011fimiz topluluklara uzun vadeli de\u011fer yaratmaya kararl\u0131y\u0131z. Yat\u0131r\u0131m stratejilerimiz, finansal getiri ile sosyal etkiyi dengeleyerek s\u00fcrd\u00fcr\u00fclebilir b\u00fcy\u00fcme sa\u011flamay\u0131 ama\u00e7lamaktad\u0131r. Topluluk giri\u015fimleri arac\u0131l\u0131\u011f\u0131yla, istihdam yaratma, beceri geli\u015ftirme ve hizmet verdi\u011fimiz topluluklar\u0131n ilerlemesine katk\u0131 sa\u011fl\u0131yoruz.<\/div><\/div><div class=\"awb-circle-info awb-circles-info-content-area awb-circle-info-2\" data-id=\"2\" style=\"--awb-title-color:var(--awb-color4);--awb-title-hover-color:var(--awb-color5);\"><div class=\"awb-circles-info-title\">2. \u0130nsan Kayna\u011f\u0131 Geli\u015fimine Odaklanma<\/div><div class=\"awb-circles-info-text\">\u0130nsan kaynaklar\u0131na yat\u0131r\u0131m yapman\u0131n ve ekibimizin yeteneklerini geli\u015ftirmenin \u00f6nemine inan\u0131yoruz. S\u00fcrekli e\u011fitim programlar\u0131 ile \u00e7al\u0131\u015fanlar\u0131m\u0131z\u0131 g\u00fc\u00e7lendiriyor ve profesyonel olarak ilerlemeleri i\u00e7in onlar\u0131 motive ediyor, adil ve \u00e7e\u015fitli bir ortamda b\u00fcy\u00fcme i\u00e7in e\u015fit f\u0131rsatlar sunuyoruz.<\/div><\/div><div class=\"awb-circle-info awb-circles-info-content-area awb-circle-info-3\" data-id=\"3\" style=\"--awb-title-color:var(--awb-color4);--awb-title-hover-color:var(--awb-color5);\"><div class=\"awb-circles-info-title\">3. \u015eeffafl\u0131k ve D\u00fcr\u00fcstl\u00fck<\/div><div class=\"awb-circles-info-text\">M\u00fc\u015fterilerimizle ve topluluklarla olan t\u00fcm ili\u015fkilerimizde \u015feffafl\u0131k ve d\u00fcr\u00fcstl\u00fc\u011f\u00fc \u00f6n planda tutuyoruz. Kar\u015f\u0131l\u0131kl\u0131 g\u00fcvene dayal\u0131 ili\u015fkiler kuruyor ve m\u00fc\u015fterilerimizin \u00e7\u0131karlar\u0131na hizmet eden d\u00fcr\u00fcst, tarafs\u0131z tavsiyeler sunmaya kararl\u0131y\u0131z, b\u00f6ylece onlar\u0131n hem finansal hem de toplumsal hedeflerini uzun vadede ba\u015farmalar\u0131na yard\u0131mc\u0131 oluyoruz.<\/div><\/div><div class=\"awb-circle-info awb-circles-info-content-area awb-circle-info-4\" data-id=\"4\" style=\"--awb-title-color:var(--awb-color4);\"><div class=\"awb-circles-info-title\">4. Yenilik\u00e7ilik ve S\u00fcrd\u00fcr\u00fclebilir B\u00fcy\u00fcme<\/div><div class=\"awb-circles-info-text\">M\u00fc\u015fterilerimizin ihtiya\u00e7lar\u0131n\u0131 kar\u015f\u0131layan yenilik\u00e7i finansal \u00e7\u00f6z\u00fcmler sunma ve yerel ve k\u00fcresel ekonomik b\u00fcy\u00fcmeye katk\u0131 sa\u011flama taahh\u00fcd\u00fcm\u00fcz var. Yeni ve yenilik\u00e7i sekt\u00f6rlere yat\u0131r\u0131m yaparak s\u00fcrd\u00fcr\u00fclebilir b\u00fcy\u00fcmeyi te\u015fvik ediyor ve ekonomik kalk\u0131nma hedeflerinin ger\u00e7ekle\u015ftirilmesine katk\u0131 sa\u011fl\u0131yoruz.<\/div><\/div><div class=\"awb-circle-info awb-circles-info-content-area awb-circle-info-5\" data-id=\"5\" style=\"--awb-title-color:var(--awb-color4);--awb-title-hover-color:var(--awb-color5);\"><div class=\"awb-circles-info-title\">5. Ortak Hedeflere Ula\u015fmak \u0130\u00e7in \u0130\u015fbirli\u011fi<\/div><div class=\"awb-circles-info-text\">\u0130\u015fbirli\u011fi ve tak\u0131m \u00e7al\u0131\u015fmas\u0131n\u0131 s\u00fcrd\u00fcr\u00fclebilir ba\u015far\u0131m\u0131z\u0131n temeli olarak g\u00f6r\u00fcyoruz. Yat\u0131r\u0131mc\u0131lar\u0131m\u0131z i\u00e7in en iyi sonu\u00e7lar\u0131 elde etmek ad\u0131na t\u00fcm payda\u015flar\u0131m\u0131zla yak\u0131n i\u015fbirli\u011fi i\u00e7inde \u00e7al\u0131\u015f\u0131yor, ayn\u0131 zamanda hizmet verdi\u011fimiz topluluklarla g\u00fc\u00e7l\u00fc ili\u015fkiler kurarak ekonomik f\u0131rsatlar ve toplumsal ilerleme sa\u011fl\u0131yoruz.<\/div><\/div><div class=\"awb-circle-info awb-circles-info-content-area awb-circle-info-6\" data-id=\"6\" style=\"--awb-title-color:var(--awb-color4);--awb-title-hover-color:var(--awb-color5);\"><div class=\"awb-circles-info-title\">6. Gelece\u011fe Kar\u015f\u0131 Sorumluluk<\/div><div class=\"awb-circles-info-text\">Uzun vadeli d\u00fc\u015f\u00fcnen bir \u015firket olarak, daha iyi bir yar\u0131n\u0131n in\u015fas\u0131na odaklan\u0131yoruz. T\u00fcm payda\u015flar\u0131m\u0131z\u0131n\u2014m\u00fc\u015fterilerimizin, \u00e7al\u0131\u015fanlar\u0131m\u0131z\u0131n, hissedarlar\u0131m\u0131z\u0131n ve faaliyet g\u00f6sterdi\u011fimiz topluluklar\u0131n\u2014ba\u015far\u0131s\u0131na yat\u0131r\u0131m yap\u0131yoruz ve gelecekteki ba\u015far\u0131y\u0131 g\u00fcvence alt\u0131na alacak s\u00fcrd\u00fcr\u00fclebilir uygulamalara odaklan\u0131yoruz.<\/div><\/div><div class=\"awb-circle-info awb-circles-info-content-area awb-circle-info-7\" data-id=\"7\" style=\"--awb-title-color:var(--awb-color4);--awb-title-hover-color:var(--awb-color5);\"><div class=\"awb-circles-info-title\">7. Payla\u015f\u0131lan Ba\u015far\u0131<\/div><div class=\"awb-circles-info-text\">Ba\u015far\u0131m\u0131z\u0131n, m\u00fc\u015fterilerimizin ve hizmet verdi\u011fimiz topluluklar\u0131n ba\u015far\u0131s\u0131na ba\u011fl\u0131 oldu\u011funa inan\u0131yoruz. Yat\u0131r\u0131mc\u0131lar\u0131n hedeflerini, ihtiya\u00e7lar\u0131n\u0131 kar\u015f\u0131layan ve optimum getiri sa\u011flayan yenilik\u00e7i finansal \u00e7\u00f6z\u00fcmler sunarak ve toplumsal geli\u015fimi ve s\u00fcrd\u00fcr\u00fclebilir i\u015f imk\u00e2nlar\u0131 yaratmay\u0131 te\u015fvik ederek ger\u00e7ekle\u015ftirmeyi hedefliyoruz.<\/div><\/div><\/div><\/div><\/div><div class=\"fusion-text fusion-text-2\" style=\"--awb-content-alignment:justify;--awb-margin-top:50px;\"><p>Bu ilkeler arac\u0131l\u0131\u011f\u0131yla, i\u015fimizin finansal ba\u015far\u0131 ile toplumsal geli\u015fime katk\u0131da bulunma aras\u0131nda bir denge kurmas\u0131n\u0131 sa\u011fl\u0131yoruz, m\u00fc\u015fterilerimize ve topluma olan sa\u011flam taahh\u00fcd\u00fcm\u00fczle.<\/p>\n<\/div><\/div><\/div><\/div><\/div>\n","protected":false},"excerpt":{"rendered":"","protected":false},"author":1,"featured_media":0,"parent":3481,"menu_order":0,"comment_status":"closed","ping_status":"closed","template":"100-width.php","meta":{"_acf_changed":false,"footnotes":""},"class_list":["post-3483","page","type-page","status-publish","hentry"],"acf":[],"yoast_head":"<!-- This site is optimized with the Yoast SEO plugin v27.5 - https:\/\/yoast.com\/product\/yoast-seo-wordpress\/ -->\n<title>Prensiplerimiz - Jadwa Investment<\/title>\n<meta name=\"robots\" content=\"index, follow, max-snippet:-1, max-image-preview:large, max-video-preview:-1\" \/>\n<link rel=\"canonical\" href=\"https:\/\/jadwainvest.com\/tr\/hakkimizda\/prensiplerimiz\/\" \/>\n<meta property=\"og:locale\" content=\"tr_TR\" \/>\n<meta property=\"og:type\" content=\"article\" \/>\n<meta property=\"og:title\" content=\"Prensiplerimiz - Jadwa Investment\" \/>\n<meta property=\"og:url\" content=\"https:\/\/jadwainvest.com\/tr\/hakkimizda\/prensiplerimiz\/\" \/>\n<meta property=\"og:site_name\" content=\"Jadwa Investment\" \/>\n<meta property=\"article:modified_time\" content=\"2025-09-13T12:24:00+00:00\" \/>\n<meta property=\"og:image\" content=\"https:\/\/jadwainvest.com\/wp-content\/uploads\/2025\/05\/Featured.webp\" \/>\n\t<meta property=\"og:image:width\" content=\"2000\" \/>\n\t<meta property=\"og:image:height\" content=\"1333\" \/>\n\t<meta property=\"og:image:type\" content=\"image\/webp\" \/>\n<meta name=\"twitter:card\" content=\"summary_large_image\" \/>\n<meta name=\"twitter:label1\" content=\"Tahmini okuma s\u00fcresi\" \/>\n\t<meta name=\"twitter:data1\" content=\"3 dakika\" \/>\n<script type=\"application\/ld+json\" class=\"yoast-schema-graph\">{\"@context\":\"https:\\\/\\\/schema.org\",\"@graph\":[{\"@type\":\"WebPage\",\"@id\":\"https:\\\/\\\/jadwainvest.com\\\/tr\\\/hakkimizda\\\/prensiplerimiz\\\/\",\"url\":\"https:\\\/\\\/jadwainvest.com\\\/tr\\\/hakkimizda\\\/prensiplerimiz\\\/\",\"name\":\"Prensiplerimiz - Jadwa Investment\",\"isPartOf\":{\"@id\":\"https:\\\/\\\/jadwainvest.com\\\/tr\\\/#website\"},\"datePublished\":\"2025-04-21T18:13:48+00:00\",\"dateModified\":\"2025-09-13T12:24:00+00:00\",\"breadcrumb\":{\"@id\":\"https:\\\/\\\/jadwainvest.com\\\/tr\\\/hakkimizda\\\/prensiplerimiz\\\/#breadcrumb\"},\"inLanguage\":\"tr\",\"potentialAction\":[{\"@type\":\"ReadAction\",\"target\":[\"https:\\\/\\\/jadwainvest.com\\\/tr\\\/hakkimizda\\\/prensiplerimiz\\\/\"]}]},{\"@type\":\"BreadcrumbList\",\"@id\":\"https:\\\/\\\/jadwainvest.com\\\/tr\\\/hakkimizda\\\/prensiplerimiz\\\/#breadcrumb\",\"itemListElement\":[{\"@type\":\"ListItem\",\"position\":1,\"name\":\"Ana Sayfa\",\"item\":\"https:\\\/\\\/jadwainvest.com\\\/tr\\\/\"},{\"@type\":\"ListItem\",\"position\":2,\"name\":\"Hakk\u0131m\u0131zda\",\"item\":\"https:\\\/\\\/jadwainvest.com\\\/tr\\\/hakkimizda\\\/\"},{\"@type\":\"ListItem\",\"position\":3,\"name\":\"Prensiplerimiz\"}]},{\"@type\":\"WebSite\",\"@id\":\"https:\\\/\\\/jadwainvest.com\\\/tr\\\/#website\",\"url\":\"https:\\\/\\\/jadwainvest.com\\\/tr\\\/\",\"name\":\"\u062c\u062f\u0648\u0649 \u0644\u0644\u0625\u0633\u062a\u062b\u0645\u0627\u0631\",\"description\":\"\",\"publisher\":{\"@id\":\"https:\\\/\\\/jadwainvest.com\\\/tr\\\/#organization\"},\"potentialAction\":[{\"@type\":\"SearchAction\",\"target\":{\"@type\":\"EntryPoint\",\"urlTemplate\":\"https:\\\/\\\/jadwainvest.com\\\/tr\\\/?s={search_term_string}\"},\"query-input\":{\"@type\":\"PropertyValueSpecification\",\"valueRequired\":true,\"valueName\":\"search_term_string\"}}],\"inLanguage\":\"tr\"},{\"@type\":\"Organization\",\"@id\":\"https:\\\/\\\/jadwainvest.com\\\/tr\\\/#organization\",\"name\":\"Jadwa Investment\",\"url\":\"https:\\\/\\\/jadwainvest.com\\\/tr\\\/\",\"logo\":{\"@type\":\"ImageObject\",\"inLanguage\":\"tr\",\"@id\":\"https:\\\/\\\/jadwainvest.com\\\/tr\\\/#\\\/schema\\\/logo\\\/image\\\/\",\"url\":\"https:\\\/\\\/jadwainvest.com\\\/wp-content\\\/uploads\\\/2025\\\/04\\\/A2.png\",\"contentUrl\":\"https:\\\/\\\/jadwainvest.com\\\/wp-content\\\/uploads\\\/2025\\\/04\\\/A2.png\",\"width\":1024,\"height\":673,\"caption\":\"Jadwa Investment\"},\"image\":{\"@id\":\"https:\\\/\\\/jadwainvest.com\\\/tr\\\/#\\\/schema\\\/logo\\\/image\\\/\"}}]}<\/script>\n<!-- \/ Yoast SEO plugin. -->","yoast_head_json":{"title":"Prensiplerimiz - Jadwa Investment","robots":{"index":"index","follow":"follow","max-snippet":"max-snippet:-1","max-image-preview":"max-image-preview:large","max-video-preview":"max-video-preview:-1"},"canonical":"https:\/\/jadwainvest.com\/tr\/hakkimizda\/prensiplerimiz\/","og_locale":"tr_TR","og_type":"article","og_title":"Prensiplerimiz - Jadwa Investment","og_url":"https:\/\/jadwainvest.com\/tr\/hakkimizda\/prensiplerimiz\/","og_site_name":"Jadwa Investment","article_modified_time":"2025-09-13T12:24:00+00:00","og_image":[{"width":2000,"height":1333,"url":"https:\/\/jadwainvest.com\/wp-content\/uploads\/2025\/05\/Featured.webp","type":"image\/webp"}],"twitter_card":"summary_large_image","twitter_misc":{"Tahmini okuma s\u00fcresi":"3 dakika"},"schema":{"@context":"https:\/\/schema.org","@graph":[{"@type":"WebPage","@id":"https:\/\/jadwainvest.com\/tr\/hakkimizda\/prensiplerimiz\/","url":"https:\/\/jadwainvest.com\/tr\/hakkimizda\/prensiplerimiz\/","name":"Prensiplerimiz - Jadwa Investment","isPartOf":{"@id":"https:\/\/jadwainvest.com\/tr\/#website"},"datePublished":"2025-04-21T18:13:48+00:00","dateModified":"2025-09-13T12:24:00+00:00","breadcrumb":{"@id":"https:\/\/jadwainvest.com\/tr\/hakkimizda\/prensiplerimiz\/#breadcrumb"},"inLanguage":"tr","potentialAction":[{"@type":"ReadAction","target":["https:\/\/jadwainvest.com\/tr\/hakkimizda\/prensiplerimiz\/"]}]},{"@type":"BreadcrumbList","@id":"https:\/\/jadwainvest.com\/tr\/hakkimizda\/prensiplerimiz\/#breadcrumb","itemListElement":[{"@type":"ListItem","position":1,"name":"Ana Sayfa","item":"https:\/\/jadwainvest.com\/tr\/"},{"@type":"ListItem","position":2,"name":"Hakk\u0131m\u0131zda","item":"https:\/\/jadwainvest.com\/tr\/hakkimizda\/"},{"@type":"ListItem","position":3,"name":"Prensiplerimiz"}]},{"@type":"WebSite","@id":"https:\/\/jadwainvest.com\/tr\/#website","url":"https:\/\/jadwainvest.com\/tr\/","name":"\u062c\u062f\u0648\u0649 \u0644\u0644\u0625\u0633\u062a\u062b\u0645\u0627\u0631","description":"","publisher":{"@id":"https:\/\/jadwainvest.com\/tr\/#organization"},"potentialAction":[{"@type":"SearchAction","target":{"@type":"EntryPoint","urlTemplate":"https:\/\/jadwainvest.com\/tr\/?s={search_term_string}"},"query-input":{"@type":"PropertyValueSpecification","valueRequired":true,"valueName":"search_term_string"}}],"inLanguage":"tr"},{"@type":"Organization","@id":"https:\/\/jadwainvest.com\/tr\/#organization","name":"Jadwa Investment","url":"https:\/\/jadwainvest.com\/tr\/","logo":{"@type":"ImageObject","inLanguage":"tr","@id":"https:\/\/jadwainvest.com\/tr\/#\/schema\/logo\/image\/","url":"https:\/\/jadwainvest.com\/wp-content\/uploads\/2025\/04\/A2.png","contentUrl":"https:\/\/jadwainvest.com\/wp-content\/uploads\/2025\/04\/A2.png","width":1024,"height":673,"caption":"Jadwa Investment"},"image":{"@id":"https:\/\/jadwainvest.com\/tr\/#\/schema\/logo\/image\/"}}]}},"_links":{"self":[{"href":"https:\/\/jadwainvest.com\/tr\/wp-json\/wp\/v2\/pages\/3483","targetHints":{"allow":["GET"]}}],"collection":[{"href":"https:\/\/jadwainvest.com\/tr\/wp-json\/wp\/v2\/pages"}],"about":[{"href":"https:\/\/jadwainvest.com\/tr\/wp-json\/wp\/v2\/types\/page"}],"author":[{"embeddable":true,"href":"https:\/\/jadwainvest.com\/tr\/wp-json\/wp\/v2\/users\/1"}],"replies":[{"embeddable":true,"href":"https:\/\/jadwainvest.com\/tr\/wp-json\/wp\/v2\/comments?post=3483"}],"version-history":[{"count":5,"href":"https:\/\/jadwainvest.com\/tr\/wp-json\/wp\/v2\/pages\/3483\/revisions"}],"predecessor-version":[{"id":4176,"href":"https:\/\/jadwainvest.com\/tr\/wp-json\/wp\/v2\/pages\/3483\/revisions\/4176"}],"up":[{"embeddable":true,"href":"https:\/\/jadwainvest.com\/tr\/wp-json\/wp\/v2\/pages\/3481"}],"wp:attachment":[{"href":"https:\/\/jadwainvest.com\/tr\/wp-json\/wp\/v2\/media?parent=3483"}],"curies":[{"name":"wp","href":"https:\/\/api.w.org\/{rel}","templated":true}]}}