{"id":3498,"date":"2025-04-26T18:56:24","date_gmt":"2025-04-26T15:56:24","guid":{"rendered":"https:\/\/jadwainvest.com\/?page_id=3498"},"modified":"2025-05-19T16:09:52","modified_gmt":"2025-05-19T13:09:52","slug":"haberlerimiz","status":"publish","type":"page","link":"https:\/\/jadwainvest.com\/tr\/haberlerimiz\/","title":{"rendered":"Haberlerimiz"},"content":{"rendered":"<p><div class=\"fusion-fullwidth fullwidth-box fusion-builder-row-1 fusion-flex-container has-pattern-background has-mask-background nonhundred-percent-fullwidth non-hundred-percent-height-scrolling\" style=\"--awb-border-radius-top-left:0px;--awb-border-radius-top-right:0px;--awb-border-radius-bottom-right:0px;--awb-border-radius-bottom-left:0px;--awb-padding-top:100px;--awb-padding-bottom:100px;--awb-background-color:var(--awb-custom_color_1);--awb-flex-wrap:wrap;\" ><div class=\"awb-background-pattern\" style=\"background-image:  url(data:image\/svg+xml;utf8,%3Csvg%20width%3D%2280%22%20height%3D%22120%22%20fill%3D%22none%22%20xmlns%3D%22http%3A%2F%2Fwww.w3.org%2F2000%2Fsvg%22%3E%3Cg%20clip-path%3D%22url%28%23prefix__clip0_43_320%29%22%20fill%3D%22rgba%287%2C75%2C65%2C1%29%22%3E%3Cpath%20d%3D%22M40%200L0%2030v30l40-30V0zm0%2030v30l40%2030V60L40%2030zM40-30V0l40%2030V0L40-30zm0%2090L0%2090v30l40-30V60zm0%2030v30l40%2030v-30L40%2090z%22%2F%3E%3C%2Fg%3E%3Cdefs%3E%3CclipPath%20id%3D%22prefix__clip0_43_320%22%3E%3Cpath%20fill%3D%22%23fff%22%20d%3D%22M0%200h80v120H0z%22%2F%3E%3C%2FclipPath%3E%3C%2Fdefs%3E%3C%2Fsvg%3E);opacity: 1 ;background-size:180%;mix-blend-mode:normal;\"><\/div><div class=\"fusion-builder-row fusion-row fusion-flex-align-items-flex-start fusion-flex-content-wrap\" style=\"max-width:1248px;margin-left: calc(-4% \/ 2 );margin-right: calc(-4% \/ 2 );\"><div class=\"fusion-layout-column fusion_builder_column fusion-builder-column-0 fusion_builder_column_1_1 1_1 fusion-flex-column fusion-flex-align-self-center\" style=\"--awb-bg-size:cover;--awb-width-large:100%;--awb-spacing-right-large:1.92%;--awb-margin-bottom-large:0px;--awb-spacing-left-large:1.92%;--awb-width-medium:100%;--awb-order-medium:0;--awb-spacing-right-medium:1.92%;--awb-spacing-left-medium:1.92%;--awb-width-small:100%;--awb-order-small:0;--awb-spacing-right-small:1.92%;--awb-spacing-left-small:1.92%;\"><div class=\"fusion-column-wrapper fusion-column-has-shadow fusion-flex-justify-content-flex-start fusion-content-layout-column\"><div class=\"fusion-post-cards fusion-post-cards-1 fusion-grid-archive fusion-grid-columns-1 fusion-grid-flex-grow\" style=\"--awb-column-spacing:0px;--awb-dots-align:center;--awb-columns:1;--awb-active-filter-border-size:3px;--awb-filters-height:36px;--awb-row-spacing:0px;--awb-columns-medium:100%;--awb-columns-small:100%;\" data-post-type-label=\"yaz\u0131lar\"><ul class=\"fusion-grid fusion-grid-1 fusion-flex-align-items-flex-start fusion-grid-posts-cards\"><li class=\"fusion-layout-column fusion_builder_column fusion-builder-column-1 fusion-flex-column post-card fusion-grid-column fusion-post-cards-grid-column\" style=\"--awb-bg-blend:overlay;--awb-bg-size:cover;--awb-flex-grow:0;--awb-flex-shrink:0;--awb-flex-grow-medium:0;--awb-flex-shrink-medium:0;--awb-flex-grow-small:0;--awb-flex-shrink-small:0;\"><div class=\"fusion-column-wrapper fusion-flex-justify-content-flex-start fusion-content-layout-column\"><div class=\"fusion-builder-row fusion-builder-row-inner fusion-row fusion-flex-align-items-flex-start fusion-flex-content-wrap\" style=\"--awb-flex-grow:0;--awb-flex-grow-medium:0;--awb-flex-grow-small:0;--awb-flex-shrink:0;--awb-flex-shrink-medium:0;--awb-flex-shrink-small:0;width:104% !important;max-width:104% !important;margin-left: calc(-4% \/ 2 );margin-right: calc(-4% \/ 2 );\"><div class=\"fusion-layout-column fusion_builder_column_inner fusion-builder-nested-column-0 fusion_builder_column_inner_1_2 1_2 fusion-flex-column fusion-flex-align-self-center\" style=\"--awb-bg-size:cover;--awb-width-large:50%;--awb-spacing-right-large:3.84%;--awb-margin-bottom-large:0px;--awb-spacing-left-large:3.84%;--awb-width-medium:50%;--awb-order-medium:0;--awb-spacing-right-medium:3.84%;--awb-spacing-left-medium:3.84%;--awb-width-small:100%;--awb-order-small:0;--awb-spacing-right-small:1.92%;--awb-spacing-left-small:1.92%;\"><div class=\"fusion-column-wrapper fusion-column-has-shadow fusion-flex-justify-content-flex-start fusion-content-layout-column\"><div class=\"fusion-image-element \" style=\"--awb-aspect-ratio:16 \/ 9;--awb-object-position:50% 54%;--awb-caption-title-font-family:var(--h2_typography-font-family);--awb-caption-title-font-weight:var(--h2_typography-font-weight);--awb-caption-title-font-style:var(--h2_typography-font-style);--awb-caption-title-size:var(--h2_typography-font-size);--awb-caption-title-transform:var(--h2_typography-text-transform);--awb-caption-title-line-height:var(--h2_typography-line-height);--awb-caption-title-letter-spacing:var(--h2_typography-letter-spacing);\"><span class=\" fusion-imageframe imageframe-none imageframe-1 hover-type-none has-aspect-ratio\"><a class=\"fusion-no-lightbox\" href=\"https:\/\/jadwainvest.com\/tr\/belediye-baskani-ile-gaziantep-turu\/\" target=\"_self\" aria-label=\"a-tour-1\"><img decoding=\"async\" width=\"1242\" height=\"821\" src=\"https:\/\/jadwainvest.com\/wp-content\/uploads\/2025\/04\/a-tour-1.webp\" class=\"img-responsive wp-image-3159 img-with-aspect-ratio\" data-parent-fit=\"cover\" data-parent-container=\".fusion-image-element\" alt srcset=\"https:\/\/jadwainvest.com\/wp-content\/uploads\/2025\/04\/a-tour-1-200x132.webp 200w, https:\/\/jadwainvest.com\/wp-content\/uploads\/2025\/04\/a-tour-1-400x264.webp 400w, https:\/\/jadwainvest.com\/wp-content\/uploads\/2025\/04\/a-tour-1-600x397.webp 600w, https:\/\/jadwainvest.com\/wp-content\/uploads\/2025\/04\/a-tour-1-800x529.webp 800w, https:\/\/jadwainvest.com\/wp-content\/uploads\/2025\/04\/a-tour-1-1200x793.webp 1200w, https:\/\/jadwainvest.com\/wp-content\/uploads\/2025\/04\/a-tour-1.webp 1242w\" sizes=\"(max-width: 810px) 100vw, 600px\" \/><\/a><\/span><\/div><\/div><\/div><div class=\"fusion-layout-column fusion_builder_column_inner fusion-builder-nested-column-1 fusion_builder_column_inner_1_2 1_2 fusion-flex-column fusion-flex-align-self-center\" style=\"--awb-padding-right:56px;--awb-padding-left:56px;--awb-padding-top-small:56px;--awb-padding-right-small:32px;--awb-padding-left-small:32px;--awb-bg-size:cover;--awb-border-color:var(--awb-color4);--awb-border-style:solid;--awb-width-large:50%;--awb-spacing-right-large:3.84%;--awb-margin-bottom-large:0px;--awb-spacing-left-large:3.84%;--awb-width-medium:50%;--awb-order-medium:0;--awb-spacing-right-medium:3.84%;--awb-spacing-left-medium:3.84%;--awb-width-small:100%;--awb-order-small:0;--awb-spacing-right-small:1.92%;--awb-spacing-left-small:1.92%;\"><div class=\"fusion-column-wrapper fusion-column-has-shadow fusion-flex-justify-content-flex-start fusion-content-layout-column\"><div class=\"fusion-meta-tb fusion-meta-tb-1 floated\" style=\"--awb-border-bottom:0px;--awb-border-top:0px;--awb-height:24px;--awb-padding-bottom:16px;--awb-text-color:var(--awb-custom_color_2);--awb-alignment-medium:flex-start;--awb-alignment-small:flex-start;\"><span class=\"fusion-tb-modified-date\">19 May\u0131s 2025<\/span><span class=\"fusion-meta-tb-sep\">||<\/span><span class=\"fusion-tb-categories\"><a href=\"https:\/\/jadwainvest.com\/tr\/category\/ekonomik-makaleler\/\" rel=\"category tag\">Ekonomik makaleler<\/a>, <a href=\"https:\/\/jadwainvest.com\/tr\/category\/haberlerimiz\/\" rel=\"category tag\">Haberlerimiz<\/a><\/span><span class=\"fusion-meta-tb-sep\">||<\/span><\/div><div class=\"fusion-title title fusion-title-1 fusion-sep-none fusion-title-text fusion-title-size-three\" style=\"--awb-text-color:var(--awb-color1);--awb-margin-bottom:24px;--awb-margin-top-small:10px;--awb-margin-right-small:0px;--awb-margin-bottom-small:24px;--awb-margin-left-small:0px;\"><h3 class=\"fusion-title-heading title-heading-left\" style=\"margin:0;\">Belediye Ba\u015fkan\u0131 ile Gaziantep turu<\/h3><\/div><div class=\"fusion-text fusion-text-1 fusion-text-no-margin\" style=\"--awb-text-color:hsla(var(--awb-color1-h),var(--awb-color1-s),var(--awb-color1-l),calc(var(--awb-color1-a) - 25%));--awb-margin-bottom:48px;\"><\/div><div class=\"md-text-align-left sm-text-align-left\"><a class=\"fusion-button button-flat fusion-button-default-size button-custom fusion-button-default button-1 fusion-button-default-span fusion-button-default-type\" style=\"--button_accent_color:var(--awb-color1);--button_accent_hover_color:var(--awb-color1);--button_border_hover_color:var(--awb-custom_color_3);--button_gradient_top_color:var(--awb-color5);--button_gradient_bottom_color:var(--awb-color5);--button_gradient_top_color_hover:var(--awb-custom_color_3);--button_gradient_bottom_color_hover:var(--awb-custom_color_3);\" target=\"_self\" data-hover=\"text_slide_up\" href=\"https:\/\/jadwainvest.com\/tr\/belediye-baskani-ile-gaziantep-turu\/\"><div class=\"awb-button-text-transition  awb-button__hover-content--centered\"><span class=\"fusion-button-text awb-button__text awb-button__text--default\">Devam\u0131n\u0131 oku<\/span><span class=\"fusion-button-text awb-button__text awb-button__text--default\">Devam\u0131n\u0131 oku<\/span><\/div><\/a><\/div><\/div><\/div><\/div><\/div><\/li>\n<\/ul><\/div><\/div><\/div><\/div><\/div><div class=\"fusion-fullwidth fullwidth-box fusion-builder-row-2 fusion-flex-container has-pattern-background has-mask-background nonhundred-percent-fullwidth non-hundred-percent-height-scrolling\" style=\"--awb-border-radius-top-left:0px;--awb-border-radius-top-right:0px;--awb-border-radius-bottom-right:0px;--awb-border-radius-bottom-left:0px;--awb-flex-wrap:wrap;\" ><div class=\"fusion-builder-row fusion-row fusion-flex-align-items-flex-start fusion-flex-content-wrap\" style=\"max-width:1248px;margin-left: calc(-4% \/ 2 );margin-right: calc(-4% \/ 2 );\"><div class=\"fusion-layout-column fusion_builder_column fusion-builder-column-2 fusion_builder_column_1_1 1_1 fusion-flex-column\" style=\"--awb-padding-top:100px;--awb-padding-bottom:48px;--awb-bg-size:cover;--awb-border-color:hsla(var(--awb-color4-h),var(--awb-color4-s),var(--awb-color4-l),calc(var(--awb-color4-a) - 75%));--awb-border-color-hover:var(--awb-color5);--awb-border-style:solid;--awb-width-large:100%;--awb-flex-grow:0;--awb-flex-shrink:0;--awb-spacing-right-large:1.92%;--awb-margin-bottom-large:0px;--awb-spacing-left-large:1.92%;--awb-width-medium:100%;--awb-order-medium:0;--awb-flex-grow-medium:0;--awb-flex-shrink-medium:0;--awb-spacing-right-medium:1.92%;--awb-spacing-left-medium:1.92%;--awb-width-small:100%;--awb-order-small:0;--awb-flex-grow-small:0;--awb-flex-shrink-small:0;--awb-spacing-right-small:1.92%;--awb-margin-bottom-small:48px;--awb-spacing-left-small:1.92%;\"><div class=\"fusion-column-wrapper fusion-column-has-shadow fusion-flex-justify-content-flex-start fusion-content-layout-column\"><div class=\"fusion-post-cards fusion-post-cards-2 fusion-grid-archive fusion-grid-columns-3\" style=\"--awb-column-spacing:48px;--awb-dots-align:center;--awb-columns:3;--awb-active-filter-border-size:3px;--awb-filters-height:36px;--awb-row-spacing:48px;--awb-columns-medium:50%;--awb-columns-small:100%;\" data-post-type-label=\"yaz\u0131lar\"><ul class=\"fusion-grid fusion-grid-3 fusion-flex-align-items-stretch fusion-grid-posts-cards fusion-grid-container-infinite\" data-pages=\"1\"><li class=\"fusion-layout-column fusion_builder_column fusion-builder-column-3 fusion-flex-column post-card fusion-grid-column fusion-post-cards-grid-column\" style=\"--awb-bg-color:#f9f9f9;--awb-bg-color-hover:#f9f9f9;--awb-bg-size:cover;--awb-flex-grow:0;--awb-flex-shrink:0;--awb-flex-grow-medium:0;--awb-flex-shrink-medium:0;--awb-flex-grow-small:0;--awb-flex-shrink-small:0;\"><div class=\"fusion-column-wrapper fusion-flex-justify-content-space-between fusion-content-layout-column\"><div class=\"fusion-builder-row fusion-builder-row-inner fusion-row fusion-flex-align-items-flex-start fusion-flex-content-wrap\" style=\"--awb-flex-grow:0;--awb-flex-grow-medium:0;--awb-flex-grow-small:0;--awb-flex-shrink:0;--awb-flex-shrink-medium:0;--awb-flex-shrink-small:0;width:104% !important;max-width:104% !important;margin-left: calc(-4% \/ 2 );margin-right: calc(-4% \/ 2 );\"><div class=\"fusion-layout-column fusion_builder_column_inner fusion-builder-nested-column-2 fusion_builder_column_inner_1_1 1_1 fusion-flex-column\" style=\"--awb-bg-size:cover;--awb-width-large:100%;--awb-spacing-right-large:1.92%;--awb-margin-bottom-large:0px;--awb-spacing-left-large:1.92%;--awb-width-medium:100%;--awb-order-medium:0;--awb-spacing-right-medium:1.92%;--awb-spacing-left-medium:1.92%;--awb-width-small:100%;--awb-order-small:0;--awb-spacing-right-small:1.92%;--awb-spacing-left-small:1.92%;\"><div class=\"fusion-column-wrapper fusion-column-has-shadow fusion-flex-justify-content-flex-start fusion-content-layout-column\"><div class=\"fusion-image-element \" style=\"--awb-aspect-ratio:16 \/ 9;--awb-object-position:50% 54%;--awb-caption-overlay-color:var(--awb-color1);--awb-caption-title-font-family:var(--h2_typography-font-family);--awb-caption-title-font-weight:var(--h2_typography-font-weight);--awb-caption-title-font-style:var(--h2_typography-font-style);--awb-caption-title-size:var(--h2_typography-font-size);--awb-caption-title-transform:var(--h2_typography-text-transform);--awb-caption-title-line-height:var(--h2_typography-line-height);--awb-caption-title-letter-spacing:var(--h2_typography-letter-spacing);\"><span class=\" fusion-imageframe imageframe-none imageframe-2 hover-type-none has-aspect-ratio\"><a class=\"fusion-no-lightbox\" href=\"https:\/\/jadwainvest.com\/tr\/itek-gaziantep-ticaret-odasi-yonetim-kurulu-uyesi-oldu\/\" target=\"_self\" aria-label=\"2018\"><img decoding=\"async\" width=\"621\" height=\"447\" src=\"https:\/\/jadwainvest.com\/wp-content\/uploads\/2018\/04\/2018.webp\" class=\"img-responsive wp-image-3157 img-with-aspect-ratio\" data-parent-fit=\"cover\" data-parent-container=\".fusion-image-element\" alt srcset=\"https:\/\/jadwainvest.com\/wp-content\/uploads\/2018\/04\/2018-200x144.webp 200w, https:\/\/jadwainvest.com\/wp-content\/uploads\/2018\/04\/2018-400x288.webp 400w, https:\/\/jadwainvest.com\/wp-content\/uploads\/2018\/04\/2018-600x432.webp 600w, https:\/\/jadwainvest.com\/wp-content\/uploads\/2018\/04\/2018.webp 621w\" sizes=\"(max-width: 810px) 100vw, 621px\" \/><\/a><\/span><\/div><\/div><\/div><\/div><div class=\"fusion-builder-row fusion-builder-row-inner fusion-row fusion-flex-align-items-flex-start fusion-flex-content-wrap\" style=\"--awb-flex-grow:0;--awb-flex-grow-medium:0;--awb-flex-grow-small:0;--awb-flex-shrink:0;--awb-flex-shrink-medium:0;--awb-flex-shrink-small:0;width:104% !important;max-width:104% !important;margin-left: calc(-4% \/ 2 );margin-right: calc(-4% \/ 2 );\"><div class=\"fusion-layout-column fusion_builder_column_inner fusion-builder-nested-column-3 fusion_builder_column_inner_1_1 1_1 fusion-flex-column\" style=\"--awb-padding-right:15px;--awb-padding-left:15px;--awb-bg-size:cover;--awb-border-color:var(--awb-color4);--awb-border-top:0px;--awb-border-right:4px;--awb-border-bottom:0px;--awb-border-left:0px;--awb-border-style:solid;--awb-width-large:100%;--awb-margin-top-large:40px;--awb-spacing-right-large:1.92%;--awb-margin-bottom-large:0px;--awb-spacing-left-large:1.92%;--awb-width-medium:100%;--awb-order-medium:0;--awb-spacing-right-medium:1.92%;--awb-spacing-left-medium:1.92%;--awb-width-small:100%;--awb-order-small:0;--awb-spacing-right-small:1.92%;--awb-margin-bottom-small:16px;--awb-spacing-left-small:1.92%;\"><div class=\"fusion-column-wrapper fusion-column-has-shadow fusion-flex-justify-content-flex-start fusion-content-layout-column\"><div class=\"fusion-meta-tb fusion-meta-tb-2 floated\" style=\"--awb-border-bottom:0px;--awb-border-top:0px;--awb-height:24px;--awb-alignment-medium:flex-start;--awb-alignment-small:flex-start;\"><span class=\"fusion-tb-modified-date\">19 May\u0131s 2025<\/span><span class=\"fusion-meta-tb-sep\">||<\/span><span class=\"fusion-tb-categories\"><a href=\"https:\/\/jadwainvest.com\/tr\/category\/haberlerimiz\/\" rel=\"category tag\">Haberlerimiz<\/a><\/span><span class=\"fusion-meta-tb-sep\">||<\/span><\/div><\/div><\/div><\/div><div class=\"fusion-title title fusion-title-2 fusion-sep-none fusion-title-text fusion-title-size-five\" style=\"--awb-margin-top:24px;--awb-margin-right:15px;--awb-margin-bottom:8px;--awb-margin-left:15px;--awb-margin-top-small:10px;--awb-margin-right-small:10px;--awb-margin-bottom-small:10px;--awb-margin-left-small:10px;--awb-margin-right-medium:10px;--awb-margin-left-medium:10px;--awb-link-color:var(--awb-color8);\"><h5 class=\"fusion-title-heading title-heading-left\" style=\"margin:0;\"><a href=\"https:\/\/jadwainvest.com\/tr\/itek-gaziantep-ticaret-odasi-yonetim-kurulu-uyesi-oldu\/\" class=\"awb-custom-text-color awb-custom-text-hover-color\" target=\"_self\">\u0130TEK, Gaziantep Ticaret Odas\u0131 Y\u00f6netim Kurulu \u00fcyesi oldu<\/a><\/h5><\/div><div class=\"fusion-separator fusion-full-width-sep\" style=\"align-self: center;margin-left: auto;margin-right: auto;flex-grow:1;width:100%;\"><\/div><div style=\"text-align:right;\"><a class=\"fusion-button button-flat fusion-button-default-size button-custom fusion-button-default button-2 fusion-button-default-span fusion-button-default-type\" style=\"--button_accent_color:var(--awb-custom_color_3);--button_border_color:var(--awb-custom_color_3);--button_accent_hover_color:var(--awb-color4);--button_border_hover_color:var(--awb-color6);--button_gradient_top_color:#f9f9f9;--button_gradient_bottom_color:#f9f9f9;--button_gradient_top_color_hover:#f9f9f9;--button_gradient_bottom_color_hover:#f9f9f9;--button_padding-bottom:0px;--button_margin-bottom:32px;\" target=\"_self\" data-hover=\"underline\" href=\"https:\/\/jadwainvest.com\/tr\/itek-gaziantep-ticaret-odasi-yonetim-kurulu-uyesi-oldu\/\"><span class=\"fusion-button-text awb-button__text awb-button__text--default\">Devam\u0131n\u0131 oku<\/span><i class=\"fa-chevron-right fas awb-button__icon awb-button__icon--default button-icon-right\" aria-hidden=\"true\"><\/i><\/a><\/div><\/div><\/li>\n<\/ul><\/div><\/div><\/div><\/div><\/div><\/p>\n","protected":false},"excerpt":{"rendered":"","protected":false},"author":1,"featured_media":0,"parent":0,"menu_order":0,"comment_status":"closed","ping_status":"closed","template":"100-width.php","meta":{"_acf_changed":false,"footnotes":""},"class_list":["post-3498","page","type-page","status-publish","hentry"],"acf":[],"yoast_head":"<!-- This site is optimized with the Yoast SEO plugin v27.5 - https:\/\/yoast.com\/product\/yoast-seo-wordpress\/ -->\n<title>Haberlerimiz - Jadwa Investment<\/title>\n<meta name=\"robots\" content=\"index, follow, max-snippet:-1, max-image-preview:large, max-video-preview:-1\" \/>\n<link rel=\"canonical\" href=\"https:\/\/jadwainvest.com\/tr\/haberlerimiz\/\" \/>\n<meta property=\"og:locale\" content=\"tr_TR\" \/>\n<meta property=\"og:type\" content=\"article\" \/>\n<meta property=\"og:title\" content=\"Haberlerimiz - Jadwa Investment\" \/>\n<meta property=\"og:url\" content=\"https:\/\/jadwainvest.com\/tr\/haberlerimiz\/\" \/>\n<meta property=\"og:site_name\" content=\"Jadwa Investment\" \/>\n<meta property=\"article:modified_time\" content=\"2025-05-19T13:09:52+00:00\" \/>\n<meta property=\"og:image\" content=\"https:\/\/jadwainvest.com\/wp-content\/uploads\/2025\/05\/Featured.webp\" \/>\n\t<meta property=\"og:image:width\" content=\"2000\" \/>\n\t<meta property=\"og:image:height\" content=\"1333\" \/>\n\t<meta property=\"og:image:type\" content=\"image\/webp\" \/>\n<meta name=\"twitter:card\" content=\"summary_large_image\" \/>\n<meta name=\"twitter:label1\" content=\"Tahmini okuma s\u00fcresi\" \/>\n\t<meta name=\"twitter:data1\" content=\"2 dakika\" \/>\n<script type=\"application\/ld+json\" class=\"yoast-schema-graph\">{\"@context\":\"https:\\\/\\\/schema.org\",\"@graph\":[{\"@type\":\"WebPage\",\"@id\":\"https:\\\/\\\/jadwainvest.com\\\/tr\\\/haberlerimiz\\\/\",\"url\":\"https:\\\/\\\/jadwainvest.com\\\/tr\\\/haberlerimiz\\\/\",\"name\":\"Haberlerimiz - Jadwa Investment\",\"isPartOf\":{\"@id\":\"https:\\\/\\\/jadwainvest.com\\\/tr\\\/#website\"},\"datePublished\":\"2025-04-26T15:56:24+00:00\",\"dateModified\":\"2025-05-19T13:09:52+00:00\",\"breadcrumb\":{\"@id\":\"https:\\\/\\\/jadwainvest.com\\\/tr\\\/haberlerimiz\\\/#breadcrumb\"},\"inLanguage\":\"tr\",\"potentialAction\":[{\"@type\":\"ReadAction\",\"target\":[\"https:\\\/\\\/jadwainvest.com\\\/tr\\\/haberlerimiz\\\/\"]}]},{\"@type\":\"BreadcrumbList\",\"@id\":\"https:\\\/\\\/jadwainvest.com\\\/tr\\\/haberlerimiz\\\/#breadcrumb\",\"itemListElement\":[{\"@type\":\"ListItem\",\"position\":1,\"name\":\"Ana Sayfa\",\"item\":\"https:\\\/\\\/jadwainvest.com\\\/tr\\\/\"},{\"@type\":\"ListItem\",\"position\":2,\"name\":\"Haberlerimiz\"}]},{\"@type\":\"WebSite\",\"@id\":\"https:\\\/\\\/jadwainvest.com\\\/tr\\\/#website\",\"url\":\"https:\\\/\\\/jadwainvest.com\\\/tr\\\/\",\"name\":\"\u062c\u062f\u0648\u0649 \u0644\u0644\u0625\u0633\u062a\u062b\u0645\u0627\u0631\",\"description\":\"\",\"publisher\":{\"@id\":\"https:\\\/\\\/jadwainvest.com\\\/tr\\\/#organization\"},\"potentialAction\":[{\"@type\":\"SearchAction\",\"target\":{\"@type\":\"EntryPoint\",\"urlTemplate\":\"https:\\\/\\\/jadwainvest.com\\\/tr\\\/?s={search_term_string}\"},\"query-input\":{\"@type\":\"PropertyValueSpecification\",\"valueRequired\":true,\"valueName\":\"search_term_string\"}}],\"inLanguage\":\"tr\"},{\"@type\":\"Organization\",\"@id\":\"https:\\\/\\\/jadwainvest.com\\\/tr\\\/#organization\",\"name\":\"Jadwa Investment\",\"url\":\"https:\\\/\\\/jadwainvest.com\\\/tr\\\/\",\"logo\":{\"@type\":\"ImageObject\",\"inLanguage\":\"tr\",\"@id\":\"https:\\\/\\\/jadwainvest.com\\\/tr\\\/#\\\/schema\\\/logo\\\/image\\\/\",\"url\":\"https:\\\/\\\/jadwainvest.com\\\/wp-content\\\/uploads\\\/2025\\\/04\\\/A2.png\",\"contentUrl\":\"https:\\\/\\\/jadwainvest.com\\\/wp-content\\\/uploads\\\/2025\\\/04\\\/A2.png\",\"width\":1024,\"height\":673,\"caption\":\"Jadwa Investment\"},\"image\":{\"@id\":\"https:\\\/\\\/jadwainvest.com\\\/tr\\\/#\\\/schema\\\/logo\\\/image\\\/\"}}]}<\/script>\n<!-- \/ Yoast SEO plugin. -->","yoast_head_json":{"title":"Haberlerimiz - Jadwa Investment","robots":{"index":"index","follow":"follow","max-snippet":"max-snippet:-1","max-image-preview":"max-image-preview:large","max-video-preview":"max-video-preview:-1"},"canonical":"https:\/\/jadwainvest.com\/tr\/haberlerimiz\/","og_locale":"tr_TR","og_type":"article","og_title":"Haberlerimiz - Jadwa Investment","og_url":"https:\/\/jadwainvest.com\/tr\/haberlerimiz\/","og_site_name":"Jadwa Investment","article_modified_time":"2025-05-19T13:09:52+00:00","og_image":[{"width":2000,"height":1333,"url":"https:\/\/jadwainvest.com\/wp-content\/uploads\/2025\/05\/Featured.webp","type":"image\/webp"}],"twitter_card":"summary_large_image","twitter_misc":{"Tahmini okuma s\u00fcresi":"2 dakika"},"schema":{"@context":"https:\/\/schema.org","@graph":[{"@type":"WebPage","@id":"https:\/\/jadwainvest.com\/tr\/haberlerimiz\/","url":"https:\/\/jadwainvest.com\/tr\/haberlerimiz\/","name":"Haberlerimiz - Jadwa Investment","isPartOf":{"@id":"https:\/\/jadwainvest.com\/tr\/#website"},"datePublished":"2025-04-26T15:56:24+00:00","dateModified":"2025-05-19T13:09:52+00:00","breadcrumb":{"@id":"https:\/\/jadwainvest.com\/tr\/haberlerimiz\/#breadcrumb"},"inLanguage":"tr","potentialAction":[{"@type":"ReadAction","target":["https:\/\/jadwainvest.com\/tr\/haberlerimiz\/"]}]},{"@type":"BreadcrumbList","@id":"https:\/\/jadwainvest.com\/tr\/haberlerimiz\/#breadcrumb","itemListElement":[{"@type":"ListItem","position":1,"name":"Ana Sayfa","item":"https:\/\/jadwainvest.com\/tr\/"},{"@type":"ListItem","position":2,"name":"Haberlerimiz"}]},{"@type":"WebSite","@id":"https:\/\/jadwainvest.com\/tr\/#website","url":"https:\/\/jadwainvest.com\/tr\/","name":"\u062c\u062f\u0648\u0649 \u0644\u0644\u0625\u0633\u062a\u062b\u0645\u0627\u0631","description":"","publisher":{"@id":"https:\/\/jadwainvest.com\/tr\/#organization"},"potentialAction":[{"@type":"SearchAction","target":{"@type":"EntryPoint","urlTemplate":"https:\/\/jadwainvest.com\/tr\/?s={search_term_string}"},"query-input":{"@type":"PropertyValueSpecification","valueRequired":true,"valueName":"search_term_string"}}],"inLanguage":"tr"},{"@type":"Organization","@id":"https:\/\/jadwainvest.com\/tr\/#organization","name":"Jadwa Investment","url":"https:\/\/jadwainvest.com\/tr\/","logo":{"@type":"ImageObject","inLanguage":"tr","@id":"https:\/\/jadwainvest.com\/tr\/#\/schema\/logo\/image\/","url":"https:\/\/jadwainvest.com\/wp-content\/uploads\/2025\/04\/A2.png","contentUrl":"https:\/\/jadwainvest.com\/wp-content\/uploads\/2025\/04\/A2.png","width":1024,"height":673,"caption":"Jadwa Investment"},"image":{"@id":"https:\/\/jadwainvest.com\/tr\/#\/schema\/logo\/image\/"}}]}},"_links":{"self":[{"href":"https:\/\/jadwainvest.com\/tr\/wp-json\/wp\/v2\/pages\/3498","targetHints":{"allow":["GET"]}}],"collection":[{"href":"https:\/\/jadwainvest.com\/tr\/wp-json\/wp\/v2\/pages"}],"about":[{"href":"https:\/\/jadwainvest.com\/tr\/wp-json\/wp\/v2\/types\/page"}],"author":[{"embeddable":true,"href":"https:\/\/jadwainvest.com\/tr\/wp-json\/wp\/v2\/users\/1"}],"replies":[{"embeddable":true,"href":"https:\/\/jadwainvest.com\/tr\/wp-json\/wp\/v2\/comments?post=3498"}],"version-history":[{"count":4,"href":"https:\/\/jadwainvest.com\/tr\/wp-json\/wp\/v2\/pages\/3498\/revisions"}],"predecessor-version":[{"id":3692,"href":"https:\/\/jadwainvest.com\/tr\/wp-json\/wp\/v2\/pages\/3498\/revisions\/3692"}],"wp:attachment":[{"href":"https:\/\/jadwainvest.com\/tr\/wp-json\/wp\/v2\/media?parent=3498"}],"curies":[{"name":"wp","href":"https:\/\/api.w.org\/{rel}","templated":true}]}}