{"id":3514,"date":"2025-04-21T19:59:41","date_gmt":"2025-04-21T16:59:41","guid":{"rendered":"https:\/\/jadwainvest.com\/?page_id=3514"},"modified":"2025-09-20T21:14:07","modified_gmt":"2025-09-20T18:14:07","slug":"ekonomik-fizibilite-calismalari","status":"publish","type":"page","link":"https:\/\/jadwainvest.com\/tr\/hizmetlerimiz\/ekonomik-fizibilite-calismalari\/","title":{"rendered":"Ekonomik Fizibilite \u00c7al\u0131\u015fmalar\u0131"},"content":{"rendered":"<div class=\"fusion-fullwidth fullwidth-box fusion-builder-row-1 fusion-flex-container has-pattern-background has-mask-background nonhundred-percent-fullwidth non-hundred-percent-height-scrolling\" style=\"--awb-border-radius-top-left:0px;--awb-border-radius-top-right:0px;--awb-border-radius-bottom-right:0px;--awb-border-radius-bottom-left:0px;--awb-padding-bottom:0px;--awb-flex-wrap:wrap;\" ><div class=\"fusion-builder-row fusion-row fusion-flex-align-items-flex-start fusion-flex-content-wrap\" style=\"max-width:1248px;margin-left: calc(-4% \/ 2 );margin-right: calc(-4% \/ 2 );\"><div class=\"fusion-layout-column fusion_builder_column fusion-builder-column-0 fusion_builder_column_1_1 1_1 fusion-flex-column\" style=\"--awb-padding-top:29px;--awb-padding-right:110px;--awb-padding-bottom:38px;--awb-padding-left:110px;--awb-padding-right-medium:25px;--awb-padding-left-medium:25px;--awb-padding-top-small:20px;--awb-padding-right-small:13px;--awb-padding-bottom-small:20px;--awb-padding-left-small:11px;--awb-bg-color:var(--awb-color1);--awb-bg-color-hover:var(--awb-color1);--awb-bg-size:cover;--awb-width-large:100%;--awb-margin-top-large:-100px;--awb-spacing-right-large:1.92%;--awb-margin-bottom-large:0px;--awb-spacing-left-large:1.92%;--awb-width-medium:100%;--awb-order-medium:0;--awb-spacing-right-medium:1.92%;--awb-spacing-left-medium:1.92%;--awb-width-small:100%;--awb-order-small:0;--awb-spacing-right-small:1.92%;--awb-spacing-left-small:1.92%;\"><div class=\"fusion-column-wrapper fusion-column-has-shadow fusion-flex-justify-content-flex-start fusion-content-layout-column\"><div class=\"fusion-title title fusion-title-1 fusion-sep-none fusion-title-center fusion-title-text fusion-title-size-five\" style=\"--awb-text-color:var(--awb-color6);--awb-margin-top-small:10px;--awb-margin-right-small:0px;--awb-margin-bottom-small:10px;--awb-margin-left-small:0px;\"><h5 class=\"fusion-title-heading title-heading-center\" style=\"margin:0;text-transform:none;\">Yat\u0131r\u0131m projelerinin f\u0131rsatlar\u0131n\u0131 kapsaml\u0131 bir \u015fekilde analiz edip de\u011ferlendiren ekonomik fizibilite \u00e7al\u0131\u015fmas\u0131 hizmeti sunmaktay\u0131z. Bu hizmetle, projenin mali, pazarlama, teknik ve hukuki t\u00fcm y\u00f6nlerini inceleyerek yat\u0131r\u0131m\u0131n k\u00e2rl\u0131 olup olmad\u0131\u011f\u0131n\u0131 ve beklenen getirileri sa\u011flay\u0131p sa\u011flamayaca\u011f\u0131n\u0131 belirliyoruz.<\/h5><\/div><\/div><\/div><div class=\"fusion-layout-column fusion_builder_column fusion-builder-column-1 fusion-flex-column fusion-flex-align-self-center\" style=\"--awb-bg-size:cover;--awb-width-large:66%;--awb-spacing-right-large:2.9090909090909%;--awb-margin-bottom-large:0px;--awb-spacing-left-large:2.9090909090909%;--awb-width-medium:50%;--awb-order-medium:0;--awb-spacing-right-medium:3.84%;--awb-spacing-left-medium:3.84%;--awb-width-small:100%;--awb-order-small:0;--awb-spacing-right-small:0%;--awb-spacing-left-small:0%;\"><div class=\"fusion-column-wrapper fusion-column-has-shadow fusion-flex-justify-content-flex-start fusion-content-layout-column\"><div class=\"fusion-image-element \" style=\"--awb-aspect-ratio:4 \/ 3;--awb-object-position:43% 53%;--awb-caption-title-font-family:var(--h2_typography-font-family);--awb-caption-title-font-weight:var(--h2_typography-font-weight);--awb-caption-title-font-style:var(--h2_typography-font-style);--awb-caption-title-size:var(--h2_typography-font-size);--awb-caption-title-transform:var(--h2_typography-text-transform);--awb-caption-title-line-height:var(--h2_typography-line-height);--awb-caption-title-letter-spacing:var(--h2_typography-letter-spacing);\"><span class=\" fusion-imageframe imageframe-none imageframe-1 hover-type-none has-aspect-ratio\"><img decoding=\"async\" width=\"1024\" height=\"1024\" title=\"Untitled-4\" src=\"https:\/\/jadwainvest.com\/wp-content\/uploads\/2025\/09\/Untitled-4.jpg\" class=\"img-responsive wp-image-4221 img-with-aspect-ratio\" data-parent-fit=\"cover\" data-parent-container=\".fusion-image-element\" alt srcset=\"https:\/\/jadwainvest.com\/wp-content\/uploads\/2025\/09\/Untitled-4-200x200.jpg 200w, https:\/\/jadwainvest.com\/wp-content\/uploads\/2025\/09\/Untitled-4-400x400.jpg 400w, https:\/\/jadwainvest.com\/wp-content\/uploads\/2025\/09\/Untitled-4-600x600.jpg 600w, https:\/\/jadwainvest.com\/wp-content\/uploads\/2025\/09\/Untitled-4-800x800.jpg 800w, https:\/\/jadwainvest.com\/wp-content\/uploads\/2025\/09\/Untitled-4.jpg 1024w\" sizes=\"(max-width: 810px) 100vw, 800px\" \/><\/span><\/div><\/div><\/div><div class=\"fusion-layout-column fusion_builder_column fusion-builder-column-2 fusion-flex-column fusion-flex-align-self-center\" style=\"--awb-z-index:9999;--awb-padding-top:30px;--awb-padding-right:20px;--awb-padding-bottom:29px;--awb-padding-left:20px;--awb-bg-color:var(--awb-color1);--awb-bg-color-hover:var(--awb-color1);--awb-bg-size:cover;--awb-box-shadow:10px 10px 25px 5px hsla(var(--awb-color8-h),var(--awb-color8-s),var(--awb-color8-l),calc(var(--awb-color8-a) - 90%));;--awb-border-color:var(--awb-color4);--awb-border-color-hover:var(--awb-custom_color_3);--awb-border-top:0px;--awb-border-right:0px;--awb-border-bottom:0px;--awb-border-left:4px;--awb-border-style:solid;--awb-width-large:34%;--awb-spacing-right-large:-80px;--awb-margin-bottom-large:0px;--awb-spacing-left-large:5.6470588235294%;--awb-width-medium:50%;--awb-order-medium:0;--awb-spacing-right-medium:-80px;--awb-spacing-left-medium:0px;--awb-width-small:100%;--awb-order-small:0;--awb-spacing-right-small:0%;--awb-spacing-left-small:0%;\"><div class=\"fusion-column-wrapper fusion-column-has-shadow fusion-flex-justify-content-flex-start fusion-content-layout-column\"><div class=\"fusion-title title fusion-title-2 fusion-sep-none fusion-title-text fusion-title-size-four\" style=\"--awb-text-color:var(--awb-color4);--awb-margin-top:0px;--awb-margin-bottom:8px;--awb-margin-top-small:10px;--awb-margin-right-small:0px;--awb-margin-bottom-small:10px;--awb-margin-left-small:0px;\"><h4 class=\"fusion-title-heading title-heading-left\" style=\"margin:0;\">Bu hizmet \u015fu alanlar\u0131 kapsar:<\/h4><\/div><ul style=\"--awb-line-height:27.2px;--awb-icon-width:27.2px;--awb-icon-height:27.2px;--awb-icon-margin:11.2px;--awb-content-margin:38.4px;--awb-circlecolor:var(--awb-color4);--awb-circle-yes-font-size:14.08px;\" class=\"fusion-checklist fusion-checklist-1 fusion-checklist-default type-icons\"><li class=\"fusion-li-item\" style=\"\"><span class=\"icon-wrapper circle-yes\"><i class=\"fusion-li-icon awb-icon-check\" aria-hidden=\"true\"><\/i><\/span><div class=\"fusion-li-item-content\"><strong>Finansal Analiz: <\/strong>Beklenen maliyetleri, potansiyel gelirleri de\u011ferlendirme, ba\u015faba\u015f noktas\u0131n\u0131 (Break-even) belirleme ve nakit ak\u0131\u015flar\u0131n\u0131 tahmin etme.<\/div><\/li><li class=\"fusion-li-item\" style=\"\"><span class=\"icon-wrapper circle-yes\"><i class=\"fusion-li-icon awb-icon-check\" aria-hidden=\"true\"><\/i><\/span><div class=\"fusion-li-item-content\"><strong>Pazar \u00c7al\u0131\u015fmas\u0131: <\/strong>Hedef pazar\u0131n, rekabetin ve \u00fcr\u00fcn veya hizmetin talep b\u00fcy\u00fckl\u00fc\u011f\u00fcn\u00fcn analiz edilmesi, b\u00f6ylece projenin pazara uyum sa\u011flama ve b\u00fcy\u00fcme kapasitesinin garanti alt\u0131na al\u0131nmas\u0131.<\/div><\/li><li class=\"fusion-li-item\" style=\"\"><span class=\"icon-wrapper circle-yes\"><i class=\"fusion-li-icon awb-icon-check\" aria-hidden=\"true\"><\/i><\/span><div class=\"fusion-li-item-content\"><strong>Teknik ve Operasyonel Analiz: <\/strong>Projeyi verimli bir \u015fekilde uygulamak i\u00e7in gereken teknolojik imkanlar ve kaynaklar\u0131 inceleme, ayr\u0131ca organizasyon yap\u0131s\u0131n\u0131 ve gerekli operasyonel s\u00fcre\u00e7leri de\u011ferlendirme.<\/div><\/li><li class=\"fusion-li-item\" style=\"\"><span class=\"icon-wrapper circle-yes\"><i class=\"fusion-li-icon awb-icon-check\" aria-hidden=\"true\"><\/i><\/span><div class=\"fusion-li-item-content\"><strong>Hukuki Analiz: <\/strong>Yerel ve uluslararas\u0131 yasa ve y\u00f6netmeliklerin g\u00f6zden ge\u00e7irilmesi, uyum sa\u011flanmas\u0131 ve hukuki risklerin minimize edilmesi.<\/div><\/li><li class=\"fusion-li-item\" style=\"\"><span class=\"icon-wrapper circle-yes\"><i class=\"fusion-li-icon awb-icon-check\" aria-hidden=\"true\"><\/i><\/span><div class=\"fusion-li-item-content\"><strong>Risk ve F\u0131rsat Belirleme: <\/strong>Proje ba\u015far\u0131s\u0131n\u0131 etkileyebilecek ekonomik, teknolojik veya d\u00fczenleyici fakt\u00f6rlerin de\u011ferlendirilmesi ve bu risklerle ba\u015fa \u00e7\u0131kmak i\u00e7in stratejiler geli\u015ftirilmesi.<\/div><\/li><\/ul><\/div><\/div><div class=\"fusion-layout-column fusion_builder_column fusion-builder-column-3 fusion_builder_column_1_1 1_1 fusion-flex-column\" style=\"--awb-padding-top:31px;--awb-padding-bottom:40px;--awb-padding-top-medium:27px;--awb-bg-size:cover;--awb-width-large:100%;--awb-spacing-right-large:1.92%;--awb-margin-bottom-large:0px;--awb-spacing-left-large:1.92%;--awb-width-medium:100%;--awb-order-medium:0;--awb-spacing-right-medium:1.92%;--awb-spacing-left-medium:1.92%;--awb-width-small:100%;--awb-order-small:0;--awb-spacing-right-small:1.92%;--awb-spacing-left-small:1.92%;\"><div class=\"fusion-column-wrapper fusion-column-has-shadow fusion-flex-justify-content-flex-start fusion-content-layout-column\"><div class=\"fusion-text fusion-text-1\" style=\"--awb-content-alignment:justify;\"><p>Sizlere, stratejik kararlar alman\u0131z\u0131 destekleyecek do\u011fru i\u00e7g\u00f6r\u00fcler sunarak riskleri azaltmaya ve ba\u015far\u0131 \u015fans\u0131n\u0131 art\u0131rmaya yard\u0131mc\u0131 oluyoruz. Yeni bir proje fikriniz varsa ya da pazarda geni\u015fleme planlar\u0131n\u0131z varsa, ekonomik fizibilite \u00e7al\u0131\u015fmalar\u0131 yat\u0131r\u0131mlar\u0131n\u0131z\u0131 bilimsel temellere dayal\u0131 olarak etkili bir \u015fekilde y\u00f6nlendirmenizi sa\u011flar.<\/p>\n<\/div><\/div><\/div><\/div><\/div>\n","protected":false},"excerpt":{"rendered":"","protected":false},"author":1,"featured_media":3111,"parent":3504,"menu_order":4,"comment_status":"closed","ping_status":"closed","template":"100-width.php","meta":{"_acf_changed":false,"footnotes":""},"class_list":["post-3514","page","type-page","status-publish","has-post-thumbnail","hentry"],"acf":[],"yoast_head":"<!-- This site is optimized with the Yoast SEO plugin v27.5 - https:\/\/yoast.com\/product\/yoast-seo-wordpress\/ -->\n<title>Ekonomik Fizibilite \u00c7al\u0131\u015fmalar\u0131 - Jadwa Investment<\/title>\n<meta name=\"robots\" content=\"index, follow, max-snippet:-1, max-image-preview:large, max-video-preview:-1\" \/>\n<link rel=\"canonical\" href=\"https:\/\/jadwainvest.com\/tr\/hizmetlerimiz\/ekonomik-fizibilite-calismalari\/\" \/>\n<meta property=\"og:locale\" content=\"tr_TR\" \/>\n<meta property=\"og:type\" content=\"article\" \/>\n<meta property=\"og:title\" content=\"Ekonomik Fizibilite \u00c7al\u0131\u015fmalar\u0131 - Jadwa Investment\" \/>\n<meta property=\"og:url\" content=\"https:\/\/jadwainvest.com\/tr\/hizmetlerimiz\/ekonomik-fizibilite-calismalari\/\" \/>\n<meta property=\"og:site_name\" content=\"Jadwa Investment\" \/>\n<meta property=\"article:modified_time\" content=\"2025-09-20T18:14:07+00:00\" \/>\n<meta property=\"og:image\" content=\"https:\/\/jadwainvest.com\/wp-content\/uploads\/2023\/10\/investment-risk-1.jpg\" \/>\n\t<meta property=\"og:image:width\" content=\"1100\" \/>\n\t<meta property=\"og:image:height\" content=\"1100\" \/>\n\t<meta property=\"og:image:type\" content=\"image\/jpeg\" \/>\n<meta name=\"twitter:card\" content=\"summary_large_image\" \/>\n<script type=\"application\/ld+json\" class=\"yoast-schema-graph\">{\"@context\":\"https:\\\/\\\/schema.org\",\"@graph\":[{\"@type\":\"WebPage\",\"@id\":\"https:\\\/\\\/jadwainvest.com\\\/tr\\\/hizmetlerimiz\\\/ekonomik-fizibilite-calismalari\\\/\",\"url\":\"https:\\\/\\\/jadwainvest.com\\\/tr\\\/hizmetlerimiz\\\/ekonomik-fizibilite-calismalari\\\/\",\"name\":\"Ekonomik Fizibilite \u00c7al\u0131\u015fmalar\u0131 - Jadwa Investment\",\"isPartOf\":{\"@id\":\"https:\\\/\\\/jadwainvest.com\\\/tr\\\/#website\"},\"primaryImageOfPage\":{\"@id\":\"https:\\\/\\\/jadwainvest.com\\\/tr\\\/hizmetlerimiz\\\/ekonomik-fizibilite-calismalari\\\/#primaryimage\"},\"image\":{\"@id\":\"https:\\\/\\\/jadwainvest.com\\\/tr\\\/hizmetlerimiz\\\/ekonomik-fizibilite-calismalari\\\/#primaryimage\"},\"thumbnailUrl\":\"https:\\\/\\\/jadwainvest.com\\\/wp-content\\\/uploads\\\/2023\\\/10\\\/investment-risk-1.jpg\",\"datePublished\":\"2025-04-21T16:59:41+00:00\",\"dateModified\":\"2025-09-20T18:14:07+00:00\",\"breadcrumb\":{\"@id\":\"https:\\\/\\\/jadwainvest.com\\\/tr\\\/hizmetlerimiz\\\/ekonomik-fizibilite-calismalari\\\/#breadcrumb\"},\"inLanguage\":\"tr\",\"potentialAction\":[{\"@type\":\"ReadAction\",\"target\":[\"https:\\\/\\\/jadwainvest.com\\\/tr\\\/hizmetlerimiz\\\/ekonomik-fizibilite-calismalari\\\/\"]}]},{\"@type\":\"ImageObject\",\"inLanguage\":\"tr\",\"@id\":\"https:\\\/\\\/jadwainvest.com\\\/tr\\\/hizmetlerimiz\\\/ekonomik-fizibilite-calismalari\\\/#primaryimage\",\"url\":\"https:\\\/\\\/jadwainvest.com\\\/wp-content\\\/uploads\\\/2023\\\/10\\\/investment-risk-1.jpg\",\"contentUrl\":\"https:\\\/\\\/jadwainvest.com\\\/wp-content\\\/uploads\\\/2023\\\/10\\\/investment-risk-1.jpg\",\"width\":1100,\"height\":1100},{\"@type\":\"BreadcrumbList\",\"@id\":\"https:\\\/\\\/jadwainvest.com\\\/tr\\\/hizmetlerimiz\\\/ekonomik-fizibilite-calismalari\\\/#breadcrumb\",\"itemListElement\":[{\"@type\":\"ListItem\",\"position\":1,\"name\":\"Ana Sayfa\",\"item\":\"https:\\\/\\\/jadwainvest.com\\\/tr\\\/\"},{\"@type\":\"ListItem\",\"position\":2,\"name\":\"Hizmetlerimiz\",\"item\":\"https:\\\/\\\/jadwainvest.com\\\/tr\\\/hizmetlerimiz\\\/\"},{\"@type\":\"ListItem\",\"position\":3,\"name\":\"Ekonomik Fizibilite \u00c7al\u0131\u015fmalar\u0131\"}]},{\"@type\":\"WebSite\",\"@id\":\"https:\\\/\\\/jadwainvest.com\\\/tr\\\/#website\",\"url\":\"https:\\\/\\\/jadwainvest.com\\\/tr\\\/\",\"name\":\"\u062c\u062f\u0648\u0649 \u0644\u0644\u0625\u0633\u062a\u062b\u0645\u0627\u0631\",\"description\":\"\",\"publisher\":{\"@id\":\"https:\\\/\\\/jadwainvest.com\\\/tr\\\/#organization\"},\"potentialAction\":[{\"@type\":\"SearchAction\",\"target\":{\"@type\":\"EntryPoint\",\"urlTemplate\":\"https:\\\/\\\/jadwainvest.com\\\/tr\\\/?s={search_term_string}\"},\"query-input\":{\"@type\":\"PropertyValueSpecification\",\"valueRequired\":true,\"valueName\":\"search_term_string\"}}],\"inLanguage\":\"tr\"},{\"@type\":\"Organization\",\"@id\":\"https:\\\/\\\/jadwainvest.com\\\/tr\\\/#organization\",\"name\":\"Jadwa Investment\",\"url\":\"https:\\\/\\\/jadwainvest.com\\\/tr\\\/\",\"logo\":{\"@type\":\"ImageObject\",\"inLanguage\":\"tr\",\"@id\":\"https:\\\/\\\/jadwainvest.com\\\/tr\\\/#\\\/schema\\\/logo\\\/image\\\/\",\"url\":\"https:\\\/\\\/jadwainvest.com\\\/wp-content\\\/uploads\\\/2025\\\/04\\\/A2.png\",\"contentUrl\":\"https:\\\/\\\/jadwainvest.com\\\/wp-content\\\/uploads\\\/2025\\\/04\\\/A2.png\",\"width\":1024,\"height\":673,\"caption\":\"Jadwa Investment\"},\"image\":{\"@id\":\"https:\\\/\\\/jadwainvest.com\\\/tr\\\/#\\\/schema\\\/logo\\\/image\\\/\"}}]}<\/script>\n<!-- \/ Yoast SEO plugin. -->","yoast_head_json":{"title":"Ekonomik Fizibilite \u00c7al\u0131\u015fmalar\u0131 - Jadwa Investment","robots":{"index":"index","follow":"follow","max-snippet":"max-snippet:-1","max-image-preview":"max-image-preview:large","max-video-preview":"max-video-preview:-1"},"canonical":"https:\/\/jadwainvest.com\/tr\/hizmetlerimiz\/ekonomik-fizibilite-calismalari\/","og_locale":"tr_TR","og_type":"article","og_title":"Ekonomik Fizibilite \u00c7al\u0131\u015fmalar\u0131 - Jadwa Investment","og_url":"https:\/\/jadwainvest.com\/tr\/hizmetlerimiz\/ekonomik-fizibilite-calismalari\/","og_site_name":"Jadwa Investment","article_modified_time":"2025-09-20T18:14:07+00:00","og_image":[{"width":1100,"height":1100,"url":"https:\/\/jadwainvest.com\/wp-content\/uploads\/2023\/10\/investment-risk-1.jpg","type":"image\/jpeg"}],"twitter_card":"summary_large_image","schema":{"@context":"https:\/\/schema.org","@graph":[{"@type":"WebPage","@id":"https:\/\/jadwainvest.com\/tr\/hizmetlerimiz\/ekonomik-fizibilite-calismalari\/","url":"https:\/\/jadwainvest.com\/tr\/hizmetlerimiz\/ekonomik-fizibilite-calismalari\/","name":"Ekonomik Fizibilite \u00c7al\u0131\u015fmalar\u0131 - Jadwa Investment","isPartOf":{"@id":"https:\/\/jadwainvest.com\/tr\/#website"},"primaryImageOfPage":{"@id":"https:\/\/jadwainvest.com\/tr\/hizmetlerimiz\/ekonomik-fizibilite-calismalari\/#primaryimage"},"image":{"@id":"https:\/\/jadwainvest.com\/tr\/hizmetlerimiz\/ekonomik-fizibilite-calismalari\/#primaryimage"},"thumbnailUrl":"https:\/\/jadwainvest.com\/wp-content\/uploads\/2023\/10\/investment-risk-1.jpg","datePublished":"2025-04-21T16:59:41+00:00","dateModified":"2025-09-20T18:14:07+00:00","breadcrumb":{"@id":"https:\/\/jadwainvest.com\/tr\/hizmetlerimiz\/ekonomik-fizibilite-calismalari\/#breadcrumb"},"inLanguage":"tr","potentialAction":[{"@type":"ReadAction","target":["https:\/\/jadwainvest.com\/tr\/hizmetlerimiz\/ekonomik-fizibilite-calismalari\/"]}]},{"@type":"ImageObject","inLanguage":"tr","@id":"https:\/\/jadwainvest.com\/tr\/hizmetlerimiz\/ekonomik-fizibilite-calismalari\/#primaryimage","url":"https:\/\/jadwainvest.com\/wp-content\/uploads\/2023\/10\/investment-risk-1.jpg","contentUrl":"https:\/\/jadwainvest.com\/wp-content\/uploads\/2023\/10\/investment-risk-1.jpg","width":1100,"height":1100},{"@type":"BreadcrumbList","@id":"https:\/\/jadwainvest.com\/tr\/hizmetlerimiz\/ekonomik-fizibilite-calismalari\/#breadcrumb","itemListElement":[{"@type":"ListItem","position":1,"name":"Ana Sayfa","item":"https:\/\/jadwainvest.com\/tr\/"},{"@type":"ListItem","position":2,"name":"Hizmetlerimiz","item":"https:\/\/jadwainvest.com\/tr\/hizmetlerimiz\/"},{"@type":"ListItem","position":3,"name":"Ekonomik Fizibilite \u00c7al\u0131\u015fmalar\u0131"}]},{"@type":"WebSite","@id":"https:\/\/jadwainvest.com\/tr\/#website","url":"https:\/\/jadwainvest.com\/tr\/","name":"\u062c\u062f\u0648\u0649 \u0644\u0644\u0625\u0633\u062a\u062b\u0645\u0627\u0631","description":"","publisher":{"@id":"https:\/\/jadwainvest.com\/tr\/#organization"},"potentialAction":[{"@type":"SearchAction","target":{"@type":"EntryPoint","urlTemplate":"https:\/\/jadwainvest.com\/tr\/?s={search_term_string}"},"query-input":{"@type":"PropertyValueSpecification","valueRequired":true,"valueName":"search_term_string"}}],"inLanguage":"tr"},{"@type":"Organization","@id":"https:\/\/jadwainvest.com\/tr\/#organization","name":"Jadwa Investment","url":"https:\/\/jadwainvest.com\/tr\/","logo":{"@type":"ImageObject","inLanguage":"tr","@id":"https:\/\/jadwainvest.com\/tr\/#\/schema\/logo\/image\/","url":"https:\/\/jadwainvest.com\/wp-content\/uploads\/2025\/04\/A2.png","contentUrl":"https:\/\/jadwainvest.com\/wp-content\/uploads\/2025\/04\/A2.png","width":1024,"height":673,"caption":"Jadwa Investment"},"image":{"@id":"https:\/\/jadwainvest.com\/tr\/#\/schema\/logo\/image\/"}}]}},"_links":{"self":[{"href":"https:\/\/jadwainvest.com\/tr\/wp-json\/wp\/v2\/pages\/3514","targetHints":{"allow":["GET"]}}],"collection":[{"href":"https:\/\/jadwainvest.com\/tr\/wp-json\/wp\/v2\/pages"}],"about":[{"href":"https:\/\/jadwainvest.com\/tr\/wp-json\/wp\/v2\/types\/page"}],"author":[{"embeddable":true,"href":"https:\/\/jadwainvest.com\/tr\/wp-json\/wp\/v2\/users\/1"}],"replies":[{"embeddable":true,"href":"https:\/\/jadwainvest.com\/tr\/wp-json\/wp\/v2\/comments?post=3514"}],"version-history":[{"count":4,"href":"https:\/\/jadwainvest.com\/tr\/wp-json\/wp\/v2\/pages\/3514\/revisions"}],"predecessor-version":[{"id":4374,"href":"https:\/\/jadwainvest.com\/tr\/wp-json\/wp\/v2\/pages\/3514\/revisions\/4374"}],"up":[{"embeddable":true,"href":"https:\/\/jadwainvest.com\/tr\/wp-json\/wp\/v2\/pages\/3504"}],"wp:featuredmedia":[{"embeddable":true,"href":"https:\/\/jadwainvest.com\/tr\/wp-json\/wp\/v2\/media\/3111"}],"wp:attachment":[{"href":"https:\/\/jadwainvest.com\/tr\/wp-json\/wp\/v2\/media?parent=3514"}],"curies":[{"name":"wp","href":"https:\/\/api.w.org\/{rel}","templated":true}]}}